{"id":460,"date":"2021-11-21T13:18:45","date_gmt":"2021-11-21T13:18:45","guid":{"rendered":"https:\/\/staging.harrissecurity.ca\/a-propos-de-nous\/"},"modified":"2025-02-12T15:31:38","modified_gmt":"2025-02-12T15:31:38","slug":"a-propos","status":"publish","type":"page","link":"https:\/\/harrissecurity.ca\/fr\/a-propos\/","title":{"rendered":"\u00c0 Propos De Nous"},"content":{"rendered":"\t\t<div data-elementor-type=\"wp-page\" data-elementor-id=\"460\" class=\"elementor elementor-460 elementor-27\" data-elementor-post-type=\"page\">\n\t\t\t\t\t\t<section class=\"elementor-section elementor-top-section elementor-element elementor-element-3e092ed elementor-section-boxed elementor-section-height-default elementor-section-height-default\" data-id=\"3e092ed\" data-element_type=\"section\" data-e-type=\"section\">\n\t\t\t\t\t\t<div class=\"elementor-container elementor-column-gap-default\">\n\t\t\t\t\t<div class=\"elementor-column elementor-col-50 elementor-top-column elementor-element elementor-element-8ad4e4f\" data-id=\"8ad4e4f\" data-element_type=\"column\" data-e-type=\"column\">\n\t\t\t<div class=\"elementor-widget-wrap elementor-element-populated\">\n\t\t\t\t\t\t<div class=\"elementor-element elementor-element-663362b elementor-widget elementor-widget-image\" data-id=\"663362b\" data-element_type=\"widget\" data-e-type=\"widget\" data-widget_type=\"image.default\">\n\t\t\t\t<div class=\"elementor-widget-container\">\n\t\t\t\t\t\t\t\t\t\t\t\t\t\t\t<img fetchpriority=\"high\" decoding=\"async\" width=\"450\" height=\"538\" src=\"https:\/\/harrissecurity.ca\/wp-content\/uploads\/2021\/11\/unsplash_Of_m3hMsoAA.png\" class=\"attachment-large size-large wp-image-409\" alt=\"\" srcset=\"https:\/\/harrissecurity.ca\/wp-content\/uploads\/2021\/11\/unsplash_Of_m3hMsoAA.png 450w, https:\/\/harrissecurity.ca\/wp-content\/uploads\/2021\/11\/unsplash_Of_m3hMsoAA-251x300.png 251w\" sizes=\"(max-width: 450px) 100vw, 450px\" \/>\t\t\t\t\t\t\t\t\t\t\t\t\t\t\t<\/div>\n\t\t\t\t<\/div>\n\t\t\t\t\t<\/div>\n\t\t<\/div>\n\t\t\t\t<div class=\"elementor-column elementor-col-50 elementor-top-column elementor-element elementor-element-1b98c15\" data-id=\"1b98c15\" data-element_type=\"column\" data-e-type=\"column\">\n\t\t\t<div class=\"elementor-widget-wrap elementor-element-populated\">\n\t\t\t\t\t\t<div class=\"elementor-element elementor-element-e0520ae elementor-widget elementor-widget-heading\" data-id=\"e0520ae\" data-element_type=\"widget\" data-e-type=\"widget\" data-widget_type=\"heading.default\">\n\t\t\t\t<div class=\"elementor-widget-container\">\n\t\t\t\t\t<h2 class=\"elementor-heading-title elementor-size-default\">Qui Sommes Nous? <\/h2>\t\t\t\t<\/div>\n\t\t\t\t<\/div>\n\t\t\t\t<div class=\"elementor-element elementor-element-3259599 elementor-widget elementor-widget-text-editor\" data-id=\"3259599\" data-element_type=\"widget\" data-e-type=\"widget\" data-widget_type=\"text-editor.default\">\n\t\t\t\t<div class=\"elementor-widget-container\">\n\t\t\t\t\t\t\t\t\t<p>Harris Security Agency (HSA) est parmi les plus dirigeantes agences de s\u00e9curit\u00e9 en Ontario, offrant des solutions de s\u00e9curit\u00e9 fiables et des services de protection.<\/p>\n\t\t\t\t\t\t\t\t<\/div>\n\t\t\t\t<\/div>\n\t\t\t\t<div class=\"elementor-element elementor-element-7e3e73d elementor-absolute elementor-widget elementor-widget-image\" data-id=\"7e3e73d\" data-element_type=\"widget\" data-e-type=\"widget\" data-settings=\"{&quot;_position&quot;:&quot;absolute&quot;}\" data-widget_type=\"image.default\">\n\t\t\t\t<div class=\"elementor-widget-container\">\n\t\t\t\t\t\t\t\t\t\t\t\t\t\t\t<img decoding=\"async\" width=\"800\" height=\"963\" src=\"https:\/\/harrissecurity.ca\/wp-content\/uploads\/2021\/11\/unnamed-1-851x1024.png\" class=\"attachment-large size-large wp-image-401\" alt=\"\" srcset=\"https:\/\/harrissecurity.ca\/wp-content\/uploads\/2021\/11\/unnamed-1-851x1024.png 851w, https:\/\/harrissecurity.ca\/wp-content\/uploads\/2021\/11\/unnamed-1-249x300.png 249w, https:\/\/harrissecurity.ca\/wp-content\/uploads\/2021\/11\/unnamed-1-768x925.png 768w, https:\/\/harrissecurity.ca\/wp-content\/uploads\/2021\/11\/unnamed-1-1276x1536.png 1276w, https:\/\/harrissecurity.ca\/wp-content\/uploads\/2021\/11\/unnamed-1-1320x1589.png 1320w, https:\/\/harrissecurity.ca\/wp-content\/uploads\/2021\/11\/unnamed-1-600x722.png 600w, https:\/\/harrissecurity.ca\/wp-content\/uploads\/2021\/11\/unnamed-1.png 1329w\" sizes=\"(max-width: 800px) 100vw, 800px\" \/>\t\t\t\t\t\t\t\t\t\t\t\t\t\t\t<\/div>\n\t\t\t\t<\/div>\n\t\t\t\t\t<\/div>\n\t\t<\/div>\n\t\t\t\t\t<\/div>\n\t\t<\/section>\n\t\t\t\t<section class=\"elementor-section elementor-top-section elementor-element elementor-element-54272f0 elementor-section-boxed elementor-section-height-default elementor-section-height-default\" data-id=\"54272f0\" data-element_type=\"section\" data-e-type=\"section\">\n\t\t\t\t\t\t<div class=\"elementor-container elementor-column-gap-default\">\n\t\t\t\t\t<div class=\"elementor-column elementor-col-50 elementor-top-column elementor-element elementor-element-749316f\" data-id=\"749316f\" data-element_type=\"column\" data-e-type=\"column\">\n\t\t\t<div class=\"elementor-widget-wrap elementor-element-populated\">\n\t\t\t\t\t\t<div class=\"elementor-element elementor-element-660183e elementor-widget elementor-widget-heading\" data-id=\"660183e\" data-element_type=\"widget\" data-e-type=\"widget\" data-widget_type=\"heading.default\">\n\t\t\t\t<div class=\"elementor-widget-container\">\n\t\t\t\t\t<h2 class=\"elementor-heading-title elementor-size-default\">Carri\u00e8re en s\u00e9curit\u00e9 avec nous<\/h2>\t\t\t\t<\/div>\n\t\t\t\t<\/div>\n\t\t\t\t<div class=\"elementor-element elementor-element-2f50dc6 elementor-widget elementor-widget-text-editor\" data-id=\"2f50dc6\" data-element_type=\"widget\" data-e-type=\"widget\" data-widget_type=\"text-editor.default\">\n\t\t\t\t<div class=\"elementor-widget-container\">\n\t\t\t\t\t\t\t\t\t<p>Nous sommes fiers de la r\u00e9ussite et la r\u00e9putation que Harris Security Agency \u00e0 mise au point. Si vous souhaitez faire partie de celle-ci et se sentir que vos qualifications et comp\u00e9tences sont \u00e0 la hauteur de nos normes, entrer en contact avec nous ci-dessous.<\/p>\n<p>Nous acceptons pr\u00e9sentement les candidatures pour les postes suivants:<\/p>\n<ul>\n<li>Gardien (ne) de s\u00e9curit\u00e9<\/li>\n<li>Gardien(ne) de patrouille<\/li>\n<li>Superviseur de s\u00e9curit\u00e9<\/li>\n<li>G\u00e9rant (e) de s\u00e9curit\u00e9<\/li>\n<li>G\u00e9rant (e) d\u2019affaire<br><br><\/li>\n<\/ul>\n<p>Please fill in our online application or send your info to&nbsp;<a href=\"mailto:careers@harrissecurity.ca\" target=\"_blank\" style=\"font-family: var( --e-global-typography-text-font-family ), Sans-serif; font-size: var( --e-global-typography-text-font-size ); font-weight: var( --e-global-typography-text-font-weight ); background-color: rgb(255, 255, 255);\">careers@harrissecurity.ca<\/a><\/p>\t\t\t\t\t\t\t\t<\/div>\n\t\t\t\t<\/div>\n\t\t\t\t\t<\/div>\n\t\t<\/div>\n\t\t\t\t<div class=\"elementor-column elementor-col-50 elementor-top-column elementor-element elementor-element-e01636c\" data-id=\"e01636c\" data-element_type=\"column\" data-e-type=\"column\">\n\t\t\t<div class=\"elementor-widget-wrap elementor-element-populated\">\n\t\t\t\t\t\t<div class=\"elementor-element elementor-element-ed0da8b elementor-widget elementor-widget-image\" data-id=\"ed0da8b\" data-element_type=\"widget\" data-e-type=\"widget\" data-widget_type=\"image.default\">\n\t\t\t\t<div class=\"elementor-widget-container\">\n\t\t\t\t\t\t\t\t\t\t\t\t\t\t\t<img fetchpriority=\"high\" decoding=\"async\" width=\"450\" height=\"538\" src=\"https:\/\/harrissecurity.ca\/wp-content\/uploads\/2021\/11\/unsplash_Of_m3hMsoAA.png\" class=\"attachment-large size-large wp-image-409\" alt=\"\" srcset=\"https:\/\/harrissecurity.ca\/wp-content\/uploads\/2021\/11\/unsplash_Of_m3hMsoAA.png 450w, https:\/\/harrissecurity.ca\/wp-content\/uploads\/2021\/11\/unsplash_Of_m3hMsoAA-251x300.png 251w\" sizes=\"(max-width: 450px) 100vw, 450px\" \/>\t\t\t\t\t\t\t\t\t\t\t\t\t\t\t<\/div>\n\t\t\t\t<\/div>\n\t\t\t\t\t<\/div>\n\t\t<\/div>\n\t\t\t\t\t<\/div>\n\t\t<\/section>\n\t\t\t\t<section class=\"elementor-section elementor-top-section elementor-element elementor-element-e828191 elementor-section-boxed elementor-section-height-default elementor-section-height-default\" data-id=\"e828191\" data-element_type=\"section\" data-e-type=\"section\" data-settings=\"{&quot;background_background&quot;:&quot;classic&quot;}\">\n\t\t\t\t\t\t<div class=\"elementor-container elementor-column-gap-default\">\n\t\t\t\t\t<div class=\"elementor-column elementor-col-100 elementor-top-column elementor-element elementor-element-e9db330\" data-id=\"e9db330\" data-element_type=\"column\" data-e-type=\"column\">\n\t\t\t<div class=\"elementor-widget-wrap elementor-element-populated\">\n\t\t\t\t\t\t<div class=\"elementor-element elementor-element-603af02 elementor-widget elementor-widget-heading\" data-id=\"603af02\" data-element_type=\"widget\" data-e-type=\"widget\" data-widget_type=\"heading.default\">\n\t\t\t\t<div class=\"elementor-widget-container\">\n\t\t\t\t\t<h2 class=\"elementor-heading-title elementor-size-default\">T\u00e9moignages d\u2019\u00c9tudiants (es) <\/h2>\t\t\t\t<\/div>\n\t\t\t\t<\/div>\n\t\t\t\t<div class=\"elementor-element elementor-element-0c84a72 elementor-testimonial--skin-bubble elementor-testimonial--layout-image_inline elementor-testimonial--align-center elementor-arrows-yes elementor-pagination-type-bullets elementor-widget elementor-widget-testimonial-carousel\" data-id=\"0c84a72\" data-element_type=\"widget\" data-e-type=\"widget\" data-settings=\"{&quot;slides_per_view&quot;:&quot;2&quot;,&quot;show_arrows&quot;:&quot;yes&quot;,&quot;pagination&quot;:&quot;bullets&quot;,&quot;speed&quot;:500,&quot;autoplay&quot;:&quot;yes&quot;,&quot;autoplay_speed&quot;:5000,&quot;loop&quot;:&quot;yes&quot;,&quot;pause_on_hover&quot;:&quot;yes&quot;,&quot;pause_on_interaction&quot;:&quot;yes&quot;,&quot;space_between&quot;:{&quot;unit&quot;:&quot;px&quot;,&quot;size&quot;:10,&quot;sizes&quot;:[]},&quot;space_between_tablet&quot;:{&quot;unit&quot;:&quot;px&quot;,&quot;size&quot;:10,&quot;sizes&quot;:[]},&quot;space_between_mobile&quot;:{&quot;unit&quot;:&quot;px&quot;,&quot;size&quot;:10,&quot;sizes&quot;:[]}}\" data-widget_type=\"testimonial-carousel.default\">\n\t\t\t\t<div class=\"elementor-widget-container\">\n\t\t\t\t\t\t\t\t\t<div class=\"elementor-swiper\">\n\t\t\t\t\t<div class=\"elementor-main-swiper swiper\" role=\"region\" aria-roledescription=\"carousel\" aria-label=\"Slides\">\n\t\t\t\t<div class=\"swiper-wrapper\">\n\t\t\t\t\t\t\t\t\t\t\t<div class=\"swiper-slide\" role=\"group\" aria-roledescription=\"slide\">\n\t\t\t\t\t\t\t\t\t<div class=\"elementor-testimonial\">\n\t\t\t\t\t\t\t<div class=\"elementor-testimonial__content\">\n\t\t\t\t\t<div class=\"elementor-testimonial__text\">\n\t\t\t\t\t\t<p>\u00ab Durant les six ann\u00e9es, que j'ai \u00e9t\u00e9 dans le secteur priv\u00e9 de la s\u00e9curit\u00e9, j'ai travaill\u00e9 pour de nombreuses entreprises, mais aucune n'ont eu le professionnalisme et la gestion solide de Harris Security Agency. Cette agence vous traite comme un \u00eatre humain et pas seulement comme un num\u00e9ro. Le niveau de professionnalisme de la direction et le personnel est bien au-del\u00e0 de ce qui est pr\u00e9vu. J'ai \u00e9norm\u00e9ment de fiert\u00e9 \u00e0 travailler pour cette soci\u00e9t\u00e9 et ait l'intention de continuer \u00e0 travailler avec eux pendant de nombreuses ann\u00e9es \u00e0 venir. \u00bb<\/p>\n\t\t\t\t\t<\/div>\n\t\t\t\t\t\t\t\t\t<\/div>\n\t\t\t\t\t\t<div class=\"elementor-testimonial__footer\">\n\t\t\t\t\t\t\t\t\t<div class=\"elementor-testimonial__image\">\n\t\t\t\t\t\t<img decoding=\"async\" src=\"https:\/\/harrissecurity.ca\/wp-content\/uploads\/2021\/11\/todd.jpeg\" alt=\"Todd Vopni\">\n\t\t\t\t\t\t\t\t\t\t\t<\/div>\n\t\t\t\t\t\t\t\t<cite class=\"elementor-testimonial__cite\"><span class=\"elementor-testimonial__name\">Todd Vopni<\/span><span class=\"elementor-testimonial__title\">Gardien de S\u00e9curit\u00e9 HSA <\/span><\/cite>\t\t\t<\/div>\n\t\t<\/div>\n\t\t\t\t\t\t\t\t<\/div>\n\t\t\t\t\t\t\t\t\t\t\t<div class=\"swiper-slide\" role=\"group\" aria-roledescription=\"slide\">\n\t\t\t\t\t\t\t\t\t<div class=\"elementor-testimonial\">\n\t\t\t\t\t\t\t<div class=\"elementor-testimonial__content\">\n\t\t\t\t\t<div class=\"elementor-testimonial__text\">\n\t\t\t\t\t\t<p>\u00ab Je tiens \u00e0 remercier Harris Security Agency pour l'excellent travail et les services qu'ils font pour la r\u00e9gion m\u00e9tropolitaine d'Ottawa. N'h\u00e9sitez pas \u00e0 suivre le cours avec Harris Security, je n'ai pas. Le parcours a \u00e9t\u00e9 bien expliqu\u00e9e, amusant, \u00e9ducatif et m'a donn\u00e9 l'occasion d\u2019obtenir mon permis de s\u00e9curit\u00e9 et de travailler comme agent de s\u00e9curit\u00e9 avec Harris Security dans une ambassade. Le poste de s\u00e9curit\u00e9 \u00e0 l'ambassade m'a donn\u00e9 une chance de rencontrer beaucoup de gens importants et \u00e9ventuellement obtenir un emploi. Je suis tr\u00e8s heureux maintenant que j'ai un travail que je n\u2019aurais jamais r\u00eav\u00e9 d'avoir. \u00bb<\/p>\n\t\t\t\t\t<\/div>\n\t\t\t\t\t\t\t\t\t<\/div>\n\t\t\t\t\t\t<div class=\"elementor-testimonial__footer\">\n\t\t\t\t\t\t\t\t\t<div class=\"elementor-testimonial__image\">\n\t\t\t\t\t\t<img decoding=\"async\" src=\"https:\/\/harrissecurity.ca\/wp-content\/uploads\/2021\/11\/Mohamed.jpeg\" alt=\"Mohamed Bussuny\">\n\t\t\t\t\t\t\t\t\t\t\t<\/div>\n\t\t\t\t\t\t\t\t<cite class=\"elementor-testimonial__cite\"><span class=\"elementor-testimonial__name\">Mohamed Bussuny<\/span><span class=\"elementor-testimonial__title\">ancien \u00e9tudiant<\/span><\/cite>\t\t\t<\/div>\n\t\t<\/div>\n\t\t\t\t\t\t\t\t<\/div>\n\t\t\t\t\t\t\t\t\t<\/div>\n\t\t\t\t\t\t\t\t\t\t\t\t\t\t\t<div class=\"elementor-swiper-button elementor-swiper-button-prev\" role=\"button\" tabindex=\"0\" aria-label=\"Pr\u00e9c\u00e9dent\">\n\t\t\t\t\t\t\t<i aria-hidden=\"true\" class=\"eicon-chevron-left\"><\/i>\t\t\t\t\t\t<\/div>\n\t\t\t\t\t\t<div class=\"elementor-swiper-button elementor-swiper-button-next\" role=\"button\" tabindex=\"0\" aria-label=\"Suivant\">\n\t\t\t\t\t\t\t<i aria-hidden=\"true\" class=\"eicon-chevron-right\"><\/i>\t\t\t\t\t\t<\/div>\n\t\t\t\t\t\t\t\t\t\t\t\t\t\t\t\t<div class=\"swiper-pagination\"><\/div>\n\t\t\t\t\t\t\t\t\t\t\t\t<\/div>\n\t\t\t\t<\/div>\n\t\t\t\t\t\t\t\t<\/div>\n\t\t\t\t<\/div>\n\t\t\t\t\t<\/div>\n\t\t<\/div>\n\t\t\t\t\t<\/div>\n\t\t<\/section>\n\t\t\t\t<\/div>\n\t\t","protected":false},"excerpt":{"rendered":"<p>Qui Sommes Nous? Harris Security Agency (HSA) est parmi les plus dirigeantes agences de s\u00e9curit\u00e9 en Ontario, offrant des solutions de s\u00e9curit\u00e9 fiables et des services de protection. Carri\u00e8re en s\u00e9curit\u00e9 avec nous Nous sommes fiers de la r\u00e9ussite et la r\u00e9putation que Harris Security Agency \u00e0 mise au point. Si vous souhaitez faire partie [&hellip;]<\/p>\n","protected":false},"author":1,"featured_media":0,"parent":0,"menu_order":0,"comment_status":"closed","ping_status":"closed","template":"","meta":{"footnotes":""},"class_list":["post-460","page","type-page","status-publish","hentry"],"jetpack_sharing_enabled":true,"_links":{"self":[{"href":"https:\/\/harrissecurity.ca\/fr\/wp-json\/wp\/v2\/pages\/460","targetHints":{"allow":["GET"]}}],"collection":[{"href":"https:\/\/harrissecurity.ca\/fr\/wp-json\/wp\/v2\/pages"}],"about":[{"href":"https:\/\/harrissecurity.ca\/fr\/wp-json\/wp\/v2\/types\/page"}],"author":[{"embeddable":true,"href":"https:\/\/harrissecurity.ca\/fr\/wp-json\/wp\/v2\/users\/1"}],"replies":[{"embeddable":true,"href":"https:\/\/harrissecurity.ca\/fr\/wp-json\/wp\/v2\/comments?post=460"}],"version-history":[{"count":3,"href":"https:\/\/harrissecurity.ca\/fr\/wp-json\/wp\/v2\/pages\/460\/revisions"}],"predecessor-version":[{"id":3232,"href":"https:\/\/harrissecurity.ca\/fr\/wp-json\/wp\/v2\/pages\/460\/revisions\/3232"}],"wp:attachment":[{"href":"https:\/\/harrissecurity.ca\/fr\/wp-json\/wp\/v2\/media?parent=460"}],"curies":[{"name":"wp","href":"https:\/\/api.w.org\/{rel}","templated":true}]}}